{"id":397,"date":"2019-04-01T09:42:37","date_gmt":"2019-04-01T07:42:37","guid":{"rendered":"https:\/\/www.corinnesaiani.fr\/?page_id=397"},"modified":"2024-09-30T11:51:15","modified_gmt":"2024-09-30T09:51:15","slug":"quest-ce-que-le-coaching","status":"publish","type":"page","link":"https:\/\/www.corinnesaiani.fr\/index.php\/quest-ce-que-le-coaching\/","title":{"rendered":"Qu&rsquo;est-ce que le coaching ?"},"content":{"rendered":"<p>[et_pb_section fb_built=\u00a0\u00bb1&Prime; _builder_version=\u00a0\u00bb4.16&Prime; custom_padding=\u00a0\u00bb26px|0px|19px|0px|false|false\u00a0\u00bb global_colors_info=\u00a0\u00bb{}\u00a0\u00bb][et_pb_row _builder_version=\u00a0\u00bb4.16&Prime; custom_padding=\u00a0\u00bb25.59375px|0px|0|0px|false|false\u00a0\u00bb global_colors_info=\u00a0\u00bb{}\u00a0\u00bb][et_pb_column type=\u00a0\u00bb4_4&Prime; _builder_version=\u00a0\u00bb4.16&Prime; custom_padding=\u00a0\u00bb|||\u00a0\u00bb global_colors_info=\u00a0\u00bb{}\u00a0\u00bb custom_padding__hover=\u00a0\u00bb|||\u00a0\u00bb][et_pb_text _builder_version=\u00a0\u00bb4.16&Prime; text_font=\u00a0\u00bbAllerta Stencil||||||||\u00a0\u00bb min_height=\u00a0\u00bb49px\u00a0\u00bb custom_padding=\u00a0\u00bb0px|||||\u00a0\u00bb inline_fonts=\u00a0\u00bbAlice\u00a0\u00bb global_colors_info=\u00a0\u00bb{}\u00a0\u00bb]<\/p>\n<h1 style=\"text-align: center;\"><span style=\"font-family: Alice; font-weight: normal; font-size: xx-large;\"><strong>Qu&rsquo;est-ce que le Coaching ?<\/strong><\/span><\/h1>\n<p>[\/et_pb_text][\/et_pb_column][\/et_pb_row][\/et_pb_section][et_pb_section fb_built=\u00a0\u00bb1&Prime; _builder_version=\u00a0\u00bb4.16&Prime; background_color=\u00a0\u00bbrgba(219,127,0,0.87)\u00a0\u00bb background_image=\u00a0\u00bbhttps:\/\/www.corinnesaiani.fr\/wp-content\/uploads\/Direction-3-1.jpg\u00a0\u00bb min_height=\u00a0\u00bb174px\u00a0\u00bb custom_margin=\u00a0\u00bb-6px||-67px|||\u00a0\u00bb custom_padding=\u00a0\u00bb51.1875px|0px|51.1875px|0px|true|false\u00a0\u00bb global_colors_info=\u00a0\u00bb{}\u00a0\u00bb][et_pb_row _builder_version=\u00a0\u00bb4.16&Prime; width=\u00a0\u00bb85.2%\u00a0\u00bb global_colors_info=\u00a0\u00bb{}\u00a0\u00bb][et_pb_column type=\u00a0\u00bb4_4&Prime; _builder_version=\u00a0\u00bb4.16&Prime; global_colors_info=\u00a0\u00bb{}\u00a0\u00bb][et_pb_text _builder_version=\u00a0\u00bb4.16&Prime; text_font=\u00a0\u00bb||||||||\u00a0\u00bb text_text_color=\u00a0\u00bb#ffffff\u00a0\u00bb custom_margin=\u00a0\u00bb-65px||90px|||\u00a0\u00bb animation_style=\u00a0\u00bbzoom\u00a0\u00bb animation_direction=\u00a0\u00bbleft\u00a0\u00bb global_colors_info=\u00a0\u00bb{}\u00a0\u00bb text_text_align_last_edited=\u00a0\u00bbon|phone\u00a0\u00bb text_text_align_phone=\u00a0\u00bbleft\u00a0\u00bb]<\/p>\n<h3 style=\"text-align: center;\"><em><span style=\"color: #c18400;\"><strong><\/strong><\/span><\/em><\/h3>\n<h3 style=\"text-align: center;\"><em><span style=\"color: #c18400;\"><strong><\/strong><\/span><\/em><\/h3>\n<h3 style=\"text-align: center;\"><em><span style=\"color: #c18400;\"><strong><\/strong><\/span><\/em><\/h3>\n<h3 style=\"text-align: center;\"><em><span style=\"color: #c18400;\"><strong><\/strong><\/span><\/em><\/h3>\n<h3 style=\"text-align: center;\"><em><span style=\"color: #c18400;\"><strong><\/strong><\/span><\/em><\/h3>\n<h3 style=\"text-align: center;\"><em><span style=\"color: #c18400;\"><strong><\/strong><\/span><\/em><\/h3>\n<h3 style=\"text-align: left;\"><span style=\"color: #ffffff; font-size: 22px;\"><em style=\"text-align: left;\">Ce n&rsquo;est pas seulement l&rsquo;endroit o\u00f9 on va qui donne du sens \u00e0 sa vie, mais aussi la fa\u00e7on dont on s&rsquo;y rend.<\/em><\/span><\/h3>\n<p><span style=\"color: #ffffff; font-size: 22px;\"><em style=\"text-align: left;\"><\/em><\/span><\/p>\n<h3><span style=\"color: #ffffff;\">\u00a0 \u00a0 \u00a0 \u00a0 \u00a0 \u00a0 \u00a0 \u00a0 \u00a0 \u00a0 \u00a0 \u00a0 \u00a0 \u00a0 \u00a0 \u00a0 \u00a0 \u00a0 \u00a0 \u00a0 \u00a0 \u00a0 \u00a0 \u00a0 \u00a0 \u00a0 \u00a0 \u00a0 \u00a0 \u00a0 \u00a0 \u00a0 \u00a0 \u00a0 \u00a0 \u00a0 \u00a0 \u00a0 \u00a0 \u00a0 \u00a0 \u00a0 \u00a0 \u00a0 \u00a0 \u00a0 \u00a0 \u00a0 \u00a0 \u00a0 \u00a0 \u00a0 \u00a0 \u00a0 \u00a0 \u00a0 \u00a0 \u00a0 \u00a0 \u00a0 \u00a0 \u00a0 \u00a0 \u00a0 \u00a0 \u00a0 \u00a0 \u00a0 \u00a0 \u00a0 \u00a0 \u00a0 \u00a0 \u00a0 Marc Levy<\/span><\/h3>\n<p><span style=\"color: #ffffff;\"><em><\/em><\/span><\/p>\n<p><span style=\"color: #ffffff;\"><em><\/em><\/span><\/p>\n<p><span style=\"color: #000000;\"><em><\/em><\/span><\/p>\n<p>[\/et_pb_text][\/et_pb_column][\/et_pb_row][\/et_pb_section][et_pb_section fb_built=\u00a0\u00bb1&Prime; _builder_version=\u00a0\u00bb4.16&Prime; custom_padding=\u00a0\u00bb7.2px|0px|0|0px|false|false\u00a0\u00bb global_colors_info=\u00a0\u00bb{}\u00a0\u00bb][et_pb_row _builder_version=\u00a0\u00bb4.16&Prime; background_size=\u00a0\u00bbinitial\u00a0\u00bb background_position=\u00a0\u00bbtop_left\u00a0\u00bb background_repeat=\u00a0\u00bbrepeat\u00a0\u00bb custom_padding=\u00a0\u00bb25.59375px|0px|0|0px|false|false\u00a0\u00bb border_color_all=\u00a0\u00bb#e09900&Prime; global_colors_info=\u00a0\u00bb{}\u00a0\u00bb][et_pb_column type=\u00a0\u00bb4_4&Prime; _builder_version=\u00a0\u00bb4.16&Prime; custom_padding=\u00a0\u00bb|||\u00a0\u00bb global_colors_info=\u00a0\u00bb{}\u00a0\u00bb custom_padding__hover=\u00a0\u00bb|||\u00a0\u00bb][et_pb_text _builder_version=\u00a0\u00bb4.27.0&Prime; text_font=\u00a0\u00bbAlata||||||||\u00a0\u00bb text_text_color=\u00a0\u00bb#000000&Prime; text_font_size=\u00a0\u00bb1px\u00a0\u00bb min_height=\u00a0\u00bb152px\u00a0\u00bb custom_margin=\u00a0\u00bb||-29px|||\u00a0\u00bb custom_padding=\u00a0\u00bb||1px|||\u00a0\u00bb hover_enabled=\u00a0\u00bb0&Prime; global_colors_info=\u00a0\u00bb{}\u00a0\u00bb sticky_enabled=\u00a0\u00bb0&Prime;]<\/p>\n<h3><span style=\"font-size: medium; color: #000000;\">Le coaching est un accompagnement personnalis\u00e9\u00a0<strong>orient\u00e9 solutions,<\/strong>\u00a0interactif et limit\u00e9 dans le temps. C&rsquo;est avant tout un m\u00e9tier de relation psychologique.\u00a0<\/span><span style=\"font-size: 1px; color: #000000;\">\u00a0<\/span><\/h3>\n<h3><span style=\"color: #000000; font-size: medium;\">Il aide les personnes qui en font la demande <\/span><strong style=\"color: #000000; font-size: medium;\">\u00e0 identifier<\/strong><span style=\"color: #000000; font-size: medium;\"> <\/span><strong style=\"color: #000000; font-size: medium;\">un objectif et \u00e0 l&rsquo;atteindre<\/strong><span style=\"color: #000000; font-size: medium;\">, dans le but d&rsquo;<\/span><strong style=\"color: #000000; font-size: medium;\">am\u00e9liorer un domaine de vie<\/strong><span style=\"color: #000000; font-size: medium;\">, que ce soit personnel ou professionnel. Il permet de d\u00e9couvrir son fonctionnement et sa personnalit\u00e9 pour \u00eatre <strong>plus en accord avec soi<\/strong>.\u00a0<\/span><span style=\"font-size: 1px; color: #000000;\">\u00a0<\/span><\/h3>\n<h3><span style=\"font-size: medium; color: #000000;\">A travers un questionnement, des outils et des mises en situation, un plan d&rsquo;actions est mis en place pour progresser vers l&rsquo;objectif fix\u00e9.<\/span><\/h3>\n<h3><span style=\"font-size: medium; color: #000000;\">Le terme coach est anglais mais il est tir\u00e9 du mot fran\u00e7ais \u00ab\u00a0cocher\u00a0\u00bb : Le cocher est celui qui conduit des voyageurs d\u2019un point A \u00e0 un point B.<\/span><br \/><span style=\"font-size: 14px;\"><\/span><\/h3>\n<p>&nbsp;<\/p>\n<p>&nbsp;<\/p>\n<p>&nbsp;<\/p>\n<p>[\/et_pb_text][\/et_pb_column][\/et_pb_row][et_pb_row column_structure=\u00a0\u00bb1_2,1_2&Prime; _builder_version=\u00a0\u00bb4.16&Prime; _module_preset=\u00a0\u00bbdefault\u00a0\u00bb min_height=\u00a0\u00bb39px\u00a0\u00bb custom_margin=\u00a0\u00bb|auto|0px|auto||\u00a0\u00bb custom_padding=\u00a0\u00bb||0px|||\u00a0\u00bb global_colors_info=\u00a0\u00bb{}\u00a0\u00bb][et_pb_column type=\u00a0\u00bb1_2&Prime; _builder_version=\u00a0\u00bb4.16&Prime; _module_preset=\u00a0\u00bbdefault\u00a0\u00bb global_colors_info=\u00a0\u00bb{}\u00a0\u00bb][et_pb_text _builder_version=\u00a0\u00bb4.27.0&Prime; _module_preset=\u00a0\u00bbdefault\u00a0\u00bb text_font=\u00a0\u00bbAlata||||||||\u00a0\u00bb text_text_color=\u00a0\u00bb#e09900&Prime; text_font_size=\u00a0\u00bb18px\u00a0\u00bb hover_enabled=\u00a0\u00bb0&Prime; global_colors_info=\u00a0\u00bb{}\u00a0\u00bb sticky_enabled=\u00a0\u00bb0&Prime;]<\/p>\n<p style=\"text-align: center;\"><strong>Le coach aime utiliser <\/strong><strong>les analogies et les images.\u00a0<\/strong><\/p>\n<p style=\"text-align: center;\"><strong>Le coach c&rsquo;est comme&#8230;<\/strong><\/p>\n<p>[\/et_pb_text][\/et_pb_column][et_pb_column type=\u00a0\u00bb1_2&Prime; _builder_version=\u00a0\u00bb4.16&Prime; _module_preset=\u00a0\u00bbdefault\u00a0\u00bb global_colors_info=\u00a0\u00bb{}\u00a0\u00bb][et_pb_text content_tablet=\u00a0\u00bb\u00a0\u00bb content_phone=\u00a0\u00bb\u00a0\u00bb content_last_edited=\u00a0\u00bbon|phone\u00a0\u00bb _builder_version=\u00a0\u00bb4.27.0&Prime; _module_preset=\u00a0\u00bbdefault\u00a0\u00bb text_font=\u00a0\u00bbAlata||||||||\u00a0\u00bb text_text_color=\u00a0\u00bb#e09900&Prime; text_font_size=\u00a0\u00bb19px\u00a0\u00bb hover_enabled=\u00a0\u00bb0&Prime; global_colors_info=\u00a0\u00bb{}\u00a0\u00bb sticky_enabled=\u00a0\u00bb0&Prime; min_height=\u00a0\u00bb92.4px\u00a0\u00bb]<\/p>\n<p style=\"text-align: center;\"><b>Quelle est la diff\u00e9rence entre <\/b><\/p>\n<p style=\"text-align: center;\"><b>un psychologue et un\u00a0coach ?\u00a0<\/b><\/p>\n<p>&nbsp;<\/p>\n<p>[\/et_pb_text][\/et_pb_column][\/et_pb_row][et_pb_row column_structure=\u00a0\u00bb1_2,1_2&Prime; _builder_version=\u00a0\u00bb4.16&Prime; min_height=\u00a0\u00bb600px\u00a0\u00bb custom_padding=\u00a0\u00bb1px|||||\u00a0\u00bb global_colors_info=\u00a0\u00bb{}\u00a0\u00bb][et_pb_column type=\u00a0\u00bb1_2&Prime; _builder_version=\u00a0\u00bb4.16&Prime; custom_padding=\u00a0\u00bb|||\u00a0\u00bb global_colors_info=\u00a0\u00bb{}\u00a0\u00bb custom_padding__hover=\u00a0\u00bb|||\u00a0\u00bb][et_pb_image src=\u00a0\u00bbhttps:\/\/www.corinnesaiani.fr\/wp-content\/uploads\/Le-coach-cest.png\u00a0\u00bb align=\u00a0\u00bbcenter\u00a0\u00bb _builder_version=\u00a0\u00bb4.16&Prime; width=\u00a0\u00bb100%\u00a0\u00bb custom_margin=\u00a0\u00bb-1px|20px|18px|||\u00a0\u00bb custom_padding=\u00a0\u00bb|0px|0px|||\u00a0\u00bb border_width_all=\u00a0\u00bb2px\u00a0\u00bb border_color_all=\u00a0\u00bb#e09900&Prime; global_colors_info=\u00a0\u00bb{}\u00a0\u00bb][\/et_pb_image][\/et_pb_column][et_pb_column type=\u00a0\u00bb1_2&Prime; _builder_version=\u00a0\u00bb4.16&Prime; custom_padding=\u00a0\u00bb|||\u00a0\u00bb global_colors_info=\u00a0\u00bb{}\u00a0\u00bb custom_padding__hover=\u00a0\u00bb|||\u00a0\u00bb][et_pb_image src=\u00a0\u00bbhttps:\/\/www.corinnesaiani.fr\/wp-content\/uploads\/Un-moment-pour-soi-1.png\u00a0\u00bb title_text=\u00a0\u00bbUn moment pour soi\u00a0\u00bb _builder_version=\u00a0\u00bb4.16&Prime; _module_preset=\u00a0\u00bbdefault\u00a0\u00bb border_width_all=\u00a0\u00bb2px\u00a0\u00bb border_color_all=\u00a0\u00bb#e09900&Prime; global_colors_info=\u00a0\u00bb{}\u00a0\u00bb][\/et_pb_image][\/et_pb_column][\/et_pb_row][\/et_pb_section][et_pb_section fb_built=\u00a0\u00bb1&Prime; _builder_version=\u00a0\u00bb4.16&Prime; min_height=\u00a0\u00bb161px\u00a0\u00bb custom_margin=\u00a0\u00bb-20px|||||\u00a0\u00bb custom_padding=\u00a0\u00bb22.2px|0px|0|0px|false|false\u00a0\u00bb global_colors_info=\u00a0\u00bb{}\u00a0\u00bb][et_pb_row _builder_version=\u00a0\u00bb4.16&Prime; background_size=\u00a0\u00bbinitial\u00a0\u00bb background_position=\u00a0\u00bbtop_left\u00a0\u00bb background_repeat=\u00a0\u00bbrepeat\u00a0\u00bb custom_padding=\u00a0\u00bb0px|0px|0|0px|false|false\u00a0\u00bb border_color_all=\u00a0\u00bb#e09900&Prime; global_colors_info=\u00a0\u00bb{}\u00a0\u00bb][et_pb_column type=\u00a0\u00bb4_4&Prime; _builder_version=\u00a0\u00bb4.16&Prime; custom_padding=\u00a0\u00bb|||\u00a0\u00bb global_colors_info=\u00a0\u00bb{}\u00a0\u00bb custom_padding__hover=\u00a0\u00bb|||\u00a0\u00bb][et_pb_text _builder_version=\u00a0\u00bb4.27.0&Prime; text_font=\u00a0\u00bbAlata||||||||\u00a0\u00bb text_text_color=\u00a0\u00bb#000000&Prime; text_font_size=\u00a0\u00bb18px\u00a0\u00bb text_line_height=\u00a0\u00bb1.5em\u00a0\u00bb ul_font=\u00a0\u00bb||||||||\u00a0\u00bb text_orientation=\u00a0\u00bbcenter\u00a0\u00bb custom_padding=\u00a0\u00bb||6px|||\u00a0\u00bb hover_enabled=\u00a0\u00bb0&Prime; border_width_all=\u00a0\u00bb1px\u00a0\u00bb border_color_all=\u00a0\u00bb#e09900&Prime; text_text_align=\u00a0\u00bbcenter\u00a0\u00bb global_colors_info=\u00a0\u00bb{}\u00a0\u00bb sticky_enabled=\u00a0\u00bb0&Prime;]<\/p>\n<h3><\/h3>\n<p>Le coaching va g\u00e9n\u00e9rer des prises de conscience qui vont permettre de se reconnecter \u00e0 soi,<\/p>\n<p><span style=\"font-size: 18px;\">et de laisser circuler la vie naturellement riche, g\u00e9n\u00e9reuse et cr\u00e9atrice.<\/span><\/p>\n<p><span style=\"font-size: 18px;\"><\/span><\/p>\n<p>[\/et_pb_text][et_pb_button button_url=\u00a0\u00bbhttps:\/\/www.corinnesaiani.fr\/index.php\/contact-2\/#Contact\u00a0\u00bb button_text=\u00a0\u00bbMe contacter\u00a0\u00bb button_alignment=\u00a0\u00bbright\u00a0\u00bb _builder_version=\u00a0\u00bb4.16&Prime; custom_button=\u00a0\u00bbon\u00a0\u00bb button_text_color=\u00a0\u00bb#ffffff\u00a0\u00bb button_bg_color=\u00a0\u00bb#e09900&Prime; button_font=\u00a0\u00bb||||||||\u00a0\u00bb background_layout=\u00a0\u00bbdark\u00a0\u00bb global_colors_info=\u00a0\u00bb{}\u00a0\u00bb][\/et_pb_button][\/et_pb_column][\/et_pb_row][\/et_pb_section][et_pb_section fb_built=\u00a0\u00bb1&Prime; _builder_version=\u00a0\u00bb4.16&Prime; custom_padding=\u00a0\u00bb3px|0px|0|0px|false|false\u00a0\u00bb global_colors_info=\u00a0\u00bb{}\u00a0\u00bb][et_pb_row _builder_version=\u00a0\u00bb4.16&Prime; custom_margin=\u00a0\u00bb-4px|144px||auto||\u00a0\u00bb custom_padding=\u00a0\u00bb||0px|||\u00a0\u00bb global_colors_info=\u00a0\u00bb{}\u00a0\u00bb][et_pb_column type=\u00a0\u00bb4_4&Prime; _builder_version=\u00a0\u00bb4.16&Prime; global_colors_info=\u00a0\u00bb{}\u00a0\u00bb][\/et_pb_column][\/et_pb_row][\/et_pb_section]<\/p>\n","protected":false},"excerpt":{"rendered":"<p>Qu&rsquo;est-ce que le Coaching ? Ce n&rsquo;est pas seulement l&rsquo;endroit o\u00f9 on va qui donne du sens \u00e0 sa vie, mais aussi la fa\u00e7on dont on s&rsquo;y rend. \u00a0 \u00a0 \u00a0 \u00a0 \u00a0 \u00a0 \u00a0 \u00a0 \u00a0 \u00a0 \u00a0 \u00a0 \u00a0 \u00a0 \u00a0 \u00a0 \u00a0 \u00a0 \u00a0 \u00a0 \u00a0 \u00a0 \u00a0 \u00a0 \u00a0 \u00a0 \u00a0 [&hellip;]<\/p>\n","protected":false},"author":2,"featured_media":0,"parent":0,"menu_order":0,"comment_status":"closed","ping_status":"closed","template":"","meta":{"_et_pb_use_builder":"on","_et_pb_old_content":"","_et_gb_content_width":"","om_disable_all_campaigns":false,"_monsterinsights_skip_tracking":false,"_monsterinsights_sitenote_active":false,"_monsterinsights_sitenote_note":"","_monsterinsights_sitenote_category":0,"_uf_show_specific_survey":0,"_uf_disable_surveys":false},"yoast_head":"<!-- This site is optimized with the Yoast SEO plugin v20.6 - https:\/\/yoast.com\/wordpress\/plugins\/seo\/ -->\n<title>Coach certifi\u00e9e - Relation d&#039;aide - Th\u00e9rapeute - Lille - Bailleul - Nord par de Calais<\/title>\n<meta name=\"description\" content=\"Le coaching est un accompagnement personnalis\u00e9, interactif et limit\u00e9 dans le temps. Orient\u00e9 solutions, il permet d&#039;am\u00e9liorer un ou plusieurs domaines de vie.\" \/>\n<meta name=\"robots\" content=\"index, follow, max-snippet:-1, max-image-preview:large, max-video-preview:-1\" \/>\n<link rel=\"canonical\" href=\"https:\/\/www.corinnesaiani.fr\/index.php\/quest-ce-que-le-coaching\/\" \/>\n<meta property=\"og:locale\" content=\"fr_FR\" \/>\n<meta property=\"og:type\" content=\"article\" \/>\n<meta property=\"og:title\" content=\"Coach certifi\u00e9e - Relation d&#039;aide - Th\u00e9rapeute - Lille - Bailleul - Nord par de Calais\" \/>\n<meta property=\"og:description\" content=\"Le coaching est un accompagnement personnalis\u00e9, interactif et limit\u00e9 dans le temps. Orient\u00e9 solutions, il permet d&#039;am\u00e9liorer un ou plusieurs domaines de vie.\" \/>\n<meta property=\"og:url\" content=\"https:\/\/www.corinnesaiani.fr\/index.php\/quest-ce-que-le-coaching\/\" \/>\n<meta property=\"og:site_name\" content=\"Corinnesaianicoaching\" \/>\n<meta property=\"article:modified_time\" content=\"2024-09-30T09:51:15+00:00\" \/>\n<meta name=\"twitter:card\" content=\"summary_large_image\" \/>\n<meta name=\"twitter:label1\" content=\"Dur\u00e9e de lecture estim\u00e9e\" \/>\n\t<meta name=\"twitter:data1\" content=\"2 minutes\" \/>\n<script type=\"application\/ld+json\" class=\"yoast-schema-graph\">{\"@context\":\"https:\/\/schema.org\",\"@graph\":[{\"@type\":\"WebPage\",\"@id\":\"https:\/\/www.corinnesaiani.fr\/index.php\/quest-ce-que-le-coaching\/\",\"url\":\"https:\/\/www.corinnesaiani.fr\/index.php\/quest-ce-que-le-coaching\/\",\"name\":\"Coach certifi\u00e9e - Relation d'aide - Th\u00e9rapeute - Lille - Bailleul - Nord par de Calais\",\"isPartOf\":{\"@id\":\"https:\/\/www.corinnesaiani.fr\/#website\"},\"datePublished\":\"2019-04-01T07:42:37+00:00\",\"dateModified\":\"2024-09-30T09:51:15+00:00\",\"description\":\"Le coaching est un accompagnement personnalis\u00e9, interactif et limit\u00e9 dans le temps. Orient\u00e9 solutions, il permet d'am\u00e9liorer un ou plusieurs domaines de vie.\",\"breadcrumb\":{\"@id\":\"https:\/\/www.corinnesaiani.fr\/index.php\/quest-ce-que-le-coaching\/#breadcrumb\"},\"inLanguage\":\"fr-FR\",\"potentialAction\":[{\"@type\":\"ReadAction\",\"target\":[\"https:\/\/www.corinnesaiani.fr\/index.php\/quest-ce-que-le-coaching\/\"]}]},{\"@type\":\"BreadcrumbList\",\"@id\":\"https:\/\/www.corinnesaiani.fr\/index.php\/quest-ce-que-le-coaching\/#breadcrumb\",\"itemListElement\":[{\"@type\":\"ListItem\",\"position\":1,\"name\":\"Home\",\"item\":\"https:\/\/www.corinnesaiani.fr\/\"},{\"@type\":\"ListItem\",\"position\":2,\"name\":\"Qu&rsquo;est-ce que le coaching ?\"}]},{\"@type\":\"WebSite\",\"@id\":\"https:\/\/www.corinnesaiani.fr\/#website\",\"url\":\"https:\/\/www.corinnesaiani.fr\/\",\"name\":\"Corinnesaianicoaching\",\"description\":\"\",\"potentialAction\":[{\"@type\":\"SearchAction\",\"target\":{\"@type\":\"EntryPoint\",\"urlTemplate\":\"https:\/\/www.corinnesaiani.fr\/?s={search_term_string}\"},\"query-input\":\"required name=search_term_string\"}],\"inLanguage\":\"fr-FR\"}]}<\/script>\n<!-- \/ Yoast SEO plugin. -->","yoast_head_json":{"title":"Coach certifi\u00e9e - Relation d'aide - Th\u00e9rapeute - Lille - Bailleul - Nord par de Calais","description":"Le coaching est un accompagnement personnalis\u00e9, interactif et limit\u00e9 dans le temps. Orient\u00e9 solutions, il permet d'am\u00e9liorer un ou plusieurs domaines de vie.","robots":{"index":"index","follow":"follow","max-snippet":"max-snippet:-1","max-image-preview":"max-image-preview:large","max-video-preview":"max-video-preview:-1"},"canonical":"https:\/\/www.corinnesaiani.fr\/index.php\/quest-ce-que-le-coaching\/","og_locale":"fr_FR","og_type":"article","og_title":"Coach certifi\u00e9e - Relation d'aide - Th\u00e9rapeute - Lille - Bailleul - Nord par de Calais","og_description":"Le coaching est un accompagnement personnalis\u00e9, interactif et limit\u00e9 dans le temps. Orient\u00e9 solutions, il permet d'am\u00e9liorer un ou plusieurs domaines de vie.","og_url":"https:\/\/www.corinnesaiani.fr\/index.php\/quest-ce-que-le-coaching\/","og_site_name":"Corinnesaianicoaching","article_modified_time":"2024-09-30T09:51:15+00:00","twitter_card":"summary_large_image","twitter_misc":{"Dur\u00e9e de lecture estim\u00e9e":"2 minutes"},"schema":{"@context":"https:\/\/schema.org","@graph":[{"@type":"WebPage","@id":"https:\/\/www.corinnesaiani.fr\/index.php\/quest-ce-que-le-coaching\/","url":"https:\/\/www.corinnesaiani.fr\/index.php\/quest-ce-que-le-coaching\/","name":"Coach certifi\u00e9e - Relation d'aide - Th\u00e9rapeute - Lille - Bailleul - Nord par de Calais","isPartOf":{"@id":"https:\/\/www.corinnesaiani.fr\/#website"},"datePublished":"2019-04-01T07:42:37+00:00","dateModified":"2024-09-30T09:51:15+00:00","description":"Le coaching est un accompagnement personnalis\u00e9, interactif et limit\u00e9 dans le temps. Orient\u00e9 solutions, il permet d'am\u00e9liorer un ou plusieurs domaines de vie.","breadcrumb":{"@id":"https:\/\/www.corinnesaiani.fr\/index.php\/quest-ce-que-le-coaching\/#breadcrumb"},"inLanguage":"fr-FR","potentialAction":[{"@type":"ReadAction","target":["https:\/\/www.corinnesaiani.fr\/index.php\/quest-ce-que-le-coaching\/"]}]},{"@type":"BreadcrumbList","@id":"https:\/\/www.corinnesaiani.fr\/index.php\/quest-ce-que-le-coaching\/#breadcrumb","itemListElement":[{"@type":"ListItem","position":1,"name":"Home","item":"https:\/\/www.corinnesaiani.fr\/"},{"@type":"ListItem","position":2,"name":"Qu&rsquo;est-ce que le coaching ?"}]},{"@type":"WebSite","@id":"https:\/\/www.corinnesaiani.fr\/#website","url":"https:\/\/www.corinnesaiani.fr\/","name":"Corinnesaianicoaching","description":"","potentialAction":[{"@type":"SearchAction","target":{"@type":"EntryPoint","urlTemplate":"https:\/\/www.corinnesaiani.fr\/?s={search_term_string}"},"query-input":"required name=search_term_string"}],"inLanguage":"fr-FR"}]}},"_links":{"self":[{"href":"https:\/\/www.corinnesaiani.fr\/index.php\/wp-json\/wp\/v2\/pages\/397"}],"collection":[{"href":"https:\/\/www.corinnesaiani.fr\/index.php\/wp-json\/wp\/v2\/pages"}],"about":[{"href":"https:\/\/www.corinnesaiani.fr\/index.php\/wp-json\/wp\/v2\/types\/page"}],"author":[{"embeddable":true,"href":"https:\/\/www.corinnesaiani.fr\/index.php\/wp-json\/wp\/v2\/users\/2"}],"replies":[{"embeddable":true,"href":"https:\/\/www.corinnesaiani.fr\/index.php\/wp-json\/wp\/v2\/comments?post=397"}],"version-history":[{"count":78,"href":"https:\/\/www.corinnesaiani.fr\/index.php\/wp-json\/wp\/v2\/pages\/397\/revisions"}],"predecessor-version":[{"id":2058,"href":"https:\/\/www.corinnesaiani.fr\/index.php\/wp-json\/wp\/v2\/pages\/397\/revisions\/2058"}],"wp:attachment":[{"href":"https:\/\/www.corinnesaiani.fr\/index.php\/wp-json\/wp\/v2\/media?parent=397"}],"curies":[{"name":"wp","href":"https:\/\/api.w.org\/{rel}","templated":true}]}}