{"id":166,"date":"2019-04-01T09:46:04","date_gmt":"2019-04-01T07:46:04","guid":{"rendered":"https:\/\/www.corinnesaiani.fr\/?page_id=166"},"modified":"2024-09-30T12:31:52","modified_gmt":"2024-09-30T10:31:52","slug":"contact-2","status":"publish","type":"page","link":"https:\/\/www.corinnesaiani.fr\/index.php\/contact-2\/","title":{"rendered":"Contact"},"content":{"rendered":"<p>[et_pb_section fb_built=\u00a0\u00bb1&Prime; _builder_version=\u00a0\u00bb4.16&Prime; custom_padding=\u00a0\u00bb8px|0px|0|0px|false|false\u00a0\u00bb global_colors_info=\u00a0\u00bb{}\u00a0\u00bb][et_pb_row _builder_version=\u00a0\u00bb4.16&Prime; custom_padding=\u00a0\u00bb0px|0px|3px|0px|false|false\u00a0\u00bb global_colors_info=\u00a0\u00bb{}\u00a0\u00bb][et_pb_column type=\u00a0\u00bb4_4&Prime; _builder_version=\u00a0\u00bb4.16&Prime; custom_padding=\u00a0\u00bb|||\u00a0\u00bb global_colors_info=\u00a0\u00bb{}\u00a0\u00bb custom_padding__hover=\u00a0\u00bb|||\u00a0\u00bb][et_pb_text _builder_version=\u00a0\u00bb4.16&Prime; text_text_color=\u00a0\u00bb#e09900&Prime; background_image=\u00a0\u00bbhttps:\/\/www.corinnesaiani.fr\/wp-content\/uploads\/business-2846221_1280.jpg\u00a0\u00bb min_height=\u00a0\u00bb256px\u00a0\u00bb inline_fonts=\u00a0\u00bbAllerta Stencil,Alice\u00a0\u00bb global_colors_info=\u00a0\u00bb{}\u00a0\u00bb]<\/p>\n<p style=\"text-align: center;\"><span style=\"font-family: 'Allerta Stencil'; font-weight: normal; color: #ff9900;\"><strong><\/strong><\/span><\/p>\n<p><span style=\"font-family: 'Allerta Stencil'; font-weight: normal; color: #ff9900;\"><strong><\/strong><\/span><\/p>\n<p style=\"text-align: center;\"><span style=\"font-family: 'Allerta Stencil'; font-weight: normal; color: #ff9900;\"><strong><\/strong><\/span><\/p>\n<p style=\"text-align: center;\"><span style=\"font-family: 'Allerta Stencil'; font-weight: normal; color: #ff9900;\"><strong><\/strong><\/span><\/p>\n<p style=\"text-align: center;\"><span style=\"font-family: 'Allerta Stencil'; font-weight: normal; color: #ff9900;\"><strong><\/strong><\/span><\/p>\n<p style=\"text-align: center;\"><span style=\"font-family: 'Allerta Stencil'; font-weight: normal; color: #ff9900;\"><strong><\/strong><\/span><\/p>\n<p style=\"text-align: center;\"><span style=\"font-family: 'Allerta Stencil'; font-weight: normal; color: #ff9900;\"><strong><\/strong><\/span><\/p>\n<p style=\"text-align: center;\"><span style=\"font-family: 'Allerta Stencil'; font-weight: normal; color: #ff9900;\"><strong><\/strong><\/span><\/p>\n<p style=\"text-align: center;\"><span style=\"font-family: Alice; font-weight: normal; color: #ff9900; font-size: xx-large;\"><strong>CONTACT<\/strong><\/span><\/p>\n<p>[\/et_pb_text][et_pb_text _builder_version=\u00a0\u00bb4.27.0&Prime; text_font=\u00a0\u00bbAlata||||||||\u00a0\u00bb global_colors_info=\u00a0\u00bb{}\u00a0\u00bb]<\/p>\n<p style=\"text-align: center;\"><span style=\"font-size: medium; color: #000000;\">Je vous re\u00e7ois en pr\u00e9sentiel \u00e0 Bailleul.<\/span> <span style=\"font-size: 14px; text-align: left;\">\u00a0<\/span><\/p>\n<p style=\"text-align: center;\"><span style=\"font-size: medium; color: #000000;\">Les s\u00e9ances peuvent \u00e9galement avoir lieu en distanciel.\u00a0\u00a0<\/span><\/p>\n<p style=\"text-align: center;\">[\/et_pb_text][\/et_pb_column][\/et_pb_row][et_pb_row column_structure=\u00a0\u00bb1_3,1_3,1_3&Prime; _builder_version=\u00a0\u00bb4.16&Prime; global_colors_info=\u00a0\u00bb{}\u00a0\u00bb][et_pb_column type=\u00a0\u00bb1_3&Prime; _builder_version=\u00a0\u00bb4.16&Prime; global_colors_info=\u00a0\u00bb{}\u00a0\u00bb][\/et_pb_column][et_pb_column type=\u00a0\u00bb1_3&Prime; _builder_version=\u00a0\u00bb4.16&Prime; global_colors_info=\u00a0\u00bb{}\u00a0\u00bb][et_pb_text _builder_version=\u00a0\u00bb4.27.0&Prime; text_font=\u00a0\u00bbAlata|700|||||||\u00a0\u00bb text_font_size=\u00a0\u00bb27px\u00a0\u00bb text_letter_spacing=\u00a0\u00bb2px\u00a0\u00bb text_line_height=\u00a0\u00bb1em\u00a0\u00bb min_height=\u00a0\u00bb156px\u00a0\u00bb custom_padding=\u00a0\u00bb|2px|0px|||\u00a0\u00bb border_width_all=\u00a0\u00bb1px\u00a0\u00bb border_color_all=\u00a0\u00bb#e09900&Prime; global_colors_info=\u00a0\u00bb{}\u00a0\u00bb]<\/p>\n<p style=\"text-align: center;\"><span style=\"color: #000000; font-size: medium;\">2235 Route de Locre\u00a0<\/span><\/p>\n<p style=\"text-align: center;\"><span style=\"color: #000000; font-size: medium;\">59270 BAILLEUL<\/span><\/p>\n<p style=\"text-align: center;\"><span style=\"font-size: medium; color: #000000;\">06 60 72 40 87\u00a0<\/span><\/p>\n<p style=\"text-align: center;\"><span style=\"color: #000000; font-size: medium;\"><a href=\"mailto:csaiani.coach@gmail.com\">csaiani.coach@gmail.com<\/a><\/span><\/p>\n<p>[\/et_pb_text][\/et_pb_column][et_pb_column type=\u00a0\u00bb1_3&Prime; _builder_version=\u00a0\u00bb4.16&Prime; global_colors_info=\u00a0\u00bb{}\u00a0\u00bb][\/et_pb_column][\/et_pb_row][\/et_pb_section][et_pb_section fb_built=\u00a0\u00bb1&Prime; _builder_version=\u00a0\u00bb4.16&Prime; custom_padding=\u00a0\u00bb0|0px|0|0px|true|false\u00a0\u00bb global_colors_info=\u00a0\u00bb{}\u00a0\u00bb][et_pb_row _builder_version=\u00a0\u00bb4.16&Prime; custom_padding=\u00a0\u00bb3px|0px|25.59375px|0px|false|false\u00a0\u00bb global_colors_info=\u00a0\u00bb{}\u00a0\u00bb][et_pb_column type=\u00a0\u00bb4_4&Prime; _builder_version=\u00a0\u00bb4.16&Prime; custom_padding=\u00a0\u00bb|||\u00a0\u00bb global_colors_info=\u00a0\u00bb{}\u00a0\u00bb custom_padding__hover=\u00a0\u00bb|||\u00a0\u00bb][et_pb_contact_form email=\u00a0\u00bbcsaiani.coach@gmail.com\u00a0\u00bb title=\u00a0\u00bbFormulaire de contact\u00a0\u00bb custom_message=\u00a0\u00bbNom:%%Nom%%||et_pb_line_break_holder||Pr\u00e9nom:%%Prenom%%||et_pb_line_break_holder||Email:%%Email%%||et_pb_line_break_holder||Message:%%Message%%\u00a0\u00bb success_message=\u00a0\u00bbVotre message a \u00e9t\u00e9 envoy\u00e9 avec succ\u00e8s, merci !\u00a0\u00bb submit_button_text=\u00a0\u00bbEnvoyer\u00a0\u00bb _builder_version=\u00a0\u00bb4.16&Prime; _unique_id=\u00a0\u00bb7a4a8ff0-0dc6-40f9-aced-bd93f34d3ed6&Prime; form_field_background_color=\u00a0\u00bb#ffffff\u00a0\u00bb title_font=\u00a0\u00bb||||||||\u00a0\u00bb title_text_color=\u00a0\u00bb#e09900&Prime; form_field_font=\u00a0\u00bb||||||||\u00a0\u00bb custom_button=\u00a0\u00bbon\u00a0\u00bb button_text_color=\u00a0\u00bb#ffffff\u00a0\u00bb button_bg_color=\u00a0\u00bbrgba(219,127,0,0.87)\u00a0\u00bb button_border_width=\u00a0\u00bb4px\u00a0\u00bb button_border_color=\u00a0\u00bb#e09900&Prime; button_font=\u00a0\u00bb||||||||\u00a0\u00bb button_icon_color=\u00a0\u00bb#e02b20&Prime; box_shadow_style=\u00a0\u00bbpreset1&Prime; form_background_color=\u00a0\u00bb#ffffff\u00a0\u00bb global_colors_info=\u00a0\u00bb{}\u00a0\u00bb][et_pb_contact_field field_id=\u00a0\u00bbNom\u00a0\u00bb field_title=\u00a0\u00bbNom\u00a0\u00bb _builder_version=\u00a0\u00bb4.16&Prime; global_colors_info=\u00a0\u00bb{}\u00a0\u00bb button_text_size__hover_enabled=\u00a0\u00bboff\u00a0\u00bb button_one_text_size__hover_enabled=\u00a0\u00bboff\u00a0\u00bb button_two_text_size__hover_enabled=\u00a0\u00bboff\u00a0\u00bb button_text_color__hover_enabled=\u00a0\u00bboff\u00a0\u00bb button_one_text_color__hover_enabled=\u00a0\u00bboff\u00a0\u00bb button_two_text_color__hover_enabled=\u00a0\u00bboff\u00a0\u00bb button_border_width__hover_enabled=\u00a0\u00bboff\u00a0\u00bb button_one_border_width__hover_enabled=\u00a0\u00bboff\u00a0\u00bb button_two_border_width__hover_enabled=\u00a0\u00bboff\u00a0\u00bb button_border_color__hover_enabled=\u00a0\u00bboff\u00a0\u00bb button_one_border_color__hover_enabled=\u00a0\u00bboff\u00a0\u00bb button_two_border_color__hover_enabled=\u00a0\u00bboff\u00a0\u00bb button_border_radius__hover_enabled=\u00a0\u00bboff\u00a0\u00bb button_one_border_radius__hover_enabled=\u00a0\u00bboff\u00a0\u00bb button_two_border_radius__hover_enabled=\u00a0\u00bboff\u00a0\u00bb button_letter_spacing__hover_enabled=\u00a0\u00bboff\u00a0\u00bb button_one_letter_spacing__hover_enabled=\u00a0\u00bboff\u00a0\u00bb button_two_letter_spacing__hover_enabled=\u00a0\u00bboff\u00a0\u00bb button_bg_color__hover_enabled=\u00a0\u00bboff\u00a0\u00bb button_one_bg_color__hover_enabled=\u00a0\u00bboff\u00a0\u00bb button_two_bg_color__hover_enabled=\u00a0\u00bboff\u00a0\u00bb][\/et_pb_contact_field][et_pb_contact_field field_id=\u00a0\u00bbPrenom\u00a0\u00bb field_title=\u00a0\u00bbPr\u00e9nom\u00a0\u00bb fullwidth_field=\u00a0\u00bbon\u00a0\u00bb _builder_version=\u00a0\u00bb4.16&Prime; max_width=\u00a0\u00bb50%\u00a0\u00bb global_colors_info=\u00a0\u00bb{}\u00a0\u00bb][\/et_pb_contact_field][et_pb_contact_field field_id=\u00a0\u00bbEmail\u00a0\u00bb field_title=\u00a0\u00bbAdresse e-mail\u00a0\u00bb field_type=\u00a0\u00bbemail\u00a0\u00bb _builder_version=\u00a0\u00bb4.16&Prime; global_colors_info=\u00a0\u00bb{}\u00a0\u00bb button_text_size__hover_enabled=\u00a0\u00bboff\u00a0\u00bb button_one_text_size__hover_enabled=\u00a0\u00bboff\u00a0\u00bb button_two_text_size__hover_enabled=\u00a0\u00bboff\u00a0\u00bb button_text_color__hover_enabled=\u00a0\u00bboff\u00a0\u00bb button_one_text_color__hover_enabled=\u00a0\u00bboff\u00a0\u00bb button_two_text_color__hover_enabled=\u00a0\u00bboff\u00a0\u00bb button_border_width__hover_enabled=\u00a0\u00bboff\u00a0\u00bb button_one_border_width__hover_enabled=\u00a0\u00bboff\u00a0\u00bb button_two_border_width__hover_enabled=\u00a0\u00bboff\u00a0\u00bb button_border_color__hover_enabled=\u00a0\u00bboff\u00a0\u00bb button_one_border_color__hover_enabled=\u00a0\u00bboff\u00a0\u00bb button_two_border_color__hover_enabled=\u00a0\u00bboff\u00a0\u00bb button_border_radius__hover_enabled=\u00a0\u00bboff\u00a0\u00bb button_one_border_radius__hover_enabled=\u00a0\u00bboff\u00a0\u00bb button_two_border_radius__hover_enabled=\u00a0\u00bboff\u00a0\u00bb button_letter_spacing__hover_enabled=\u00a0\u00bboff\u00a0\u00bb button_one_letter_spacing__hover_enabled=\u00a0\u00bboff\u00a0\u00bb button_two_letter_spacing__hover_enabled=\u00a0\u00bboff\u00a0\u00bb button_bg_color__hover_enabled=\u00a0\u00bboff\u00a0\u00bb button_one_bg_color__hover_enabled=\u00a0\u00bboff\u00a0\u00bb button_two_bg_color__hover_enabled=\u00a0\u00bboff\u00a0\u00bb][\/et_pb_contact_field][et_pb_contact_field field_id=\u00a0\u00bbMessage\u00a0\u00bb field_title=\u00a0\u00bbMessage\u00a0\u00bb field_type=\u00a0\u00bbtext\u00a0\u00bb fullwidth_field=\u00a0\u00bbon\u00a0\u00bb _builder_version=\u00a0\u00bb4.16&Prime; global_colors_info=\u00a0\u00bb{}\u00a0\u00bb button_text_size__hover_enabled=\u00a0\u00bboff\u00a0\u00bb button_one_text_size__hover_enabled=\u00a0\u00bboff\u00a0\u00bb button_two_text_size__hover_enabled=\u00a0\u00bboff\u00a0\u00bb button_text_color__hover_enabled=\u00a0\u00bboff\u00a0\u00bb button_one_text_color__hover_enabled=\u00a0\u00bboff\u00a0\u00bb button_two_text_color__hover_enabled=\u00a0\u00bboff\u00a0\u00bb button_border_width__hover_enabled=\u00a0\u00bboff\u00a0\u00bb button_one_border_width__hover_enabled=\u00a0\u00bboff\u00a0\u00bb button_two_border_width__hover_enabled=\u00a0\u00bboff\u00a0\u00bb button_border_color__hover_enabled=\u00a0\u00bboff\u00a0\u00bb button_one_border_color__hover_enabled=\u00a0\u00bboff\u00a0\u00bb button_two_border_color__hover_enabled=\u00a0\u00bboff\u00a0\u00bb button_border_radius__hover_enabled=\u00a0\u00bboff\u00a0\u00bb button_one_border_radius__hover_enabled=\u00a0\u00bboff\u00a0\u00bb button_two_border_radius__hover_enabled=\u00a0\u00bboff\u00a0\u00bb button_letter_spacing__hover_enabled=\u00a0\u00bboff\u00a0\u00bb button_one_letter_spacing__hover_enabled=\u00a0\u00bboff\u00a0\u00bb button_two_letter_spacing__hover_enabled=\u00a0\u00bboff\u00a0\u00bb button_bg_color__hover_enabled=\u00a0\u00bboff\u00a0\u00bb button_one_bg_color__hover_enabled=\u00a0\u00bboff\u00a0\u00bb button_two_bg_color__hover_enabled=\u00a0\u00bboff\u00a0\u00bb][\/et_pb_contact_field][\/et_pb_contact_form][\/et_pb_column][\/et_pb_row][\/et_pb_section]<\/p>\n","protected":false},"excerpt":{"rendered":"<p>CONTACTJe vous re\u00e7ois en pr\u00e9sentiel \u00e0 Bailleul. \u00a0 Les s\u00e9ances peuvent \u00e9galement avoir lieu en distanciel.\u00a0\u00a0 2235 Route de Locre\u00a0 59270 BAILLEUL 06 60 72 40 87\u00a0 csaiani.coach@gmail.com<\/p>\n","protected":false},"author":2,"featured_media":0,"parent":0,"menu_order":0,"comment_status":"closed","ping_status":"closed","template":"","meta":{"_et_pb_use_builder":"on","_et_pb_old_content":"","_et_gb_content_width":"","om_disable_all_campaigns":false,"_monsterinsights_skip_tracking":false,"_monsterinsights_sitenote_active":false,"_monsterinsights_sitenote_note":"","_monsterinsights_sitenote_category":0,"_uf_show_specific_survey":0,"_uf_disable_surveys":false},"yoast_head":"<!-- This site is optimized with the Yoast SEO plugin v20.6 - https:\/\/yoast.com\/wordpress\/plugins\/seo\/ -->\n<title>Accompagnement adultes et adolescents - Bailleul, Lille et environs<\/title>\n<meta name=\"description\" content=\"Coach certifi\u00e9e adultes et adolescents, mon accompagnement vous permettra de retrouver confiance, \u00e9panouissement et s\u00e9renit\u00e9.\" \/>\n<meta name=\"robots\" content=\"index, follow, max-snippet:-1, max-image-preview:large, max-video-preview:-1\" \/>\n<link rel=\"canonical\" href=\"https:\/\/www.corinnesaiani.fr\/index.php\/contact-2\/\" \/>\n<meta property=\"og:locale\" content=\"fr_FR\" \/>\n<meta property=\"og:type\" content=\"article\" \/>\n<meta property=\"og:title\" content=\"Accompagnement adultes et adolescents - Bailleul, Lille et environs\" \/>\n<meta property=\"og:description\" content=\"Coach certifi\u00e9e adultes et adolescents, mon accompagnement vous permettra de retrouver confiance, \u00e9panouissement et s\u00e9renit\u00e9.\" \/>\n<meta property=\"og:url\" content=\"https:\/\/www.corinnesaiani.fr\/index.php\/contact-2\/\" \/>\n<meta property=\"og:site_name\" content=\"Corinnesaianicoaching\" \/>\n<meta property=\"article:modified_time\" content=\"2024-09-30T10:31:52+00:00\" \/>\n<meta name=\"twitter:card\" content=\"summary_large_image\" \/>\n<meta name=\"twitter:label1\" content=\"Dur\u00e9e de lecture estim\u00e9e\" \/>\n\t<meta name=\"twitter:data1\" content=\"2 minutes\" \/>\n<script type=\"application\/ld+json\" class=\"yoast-schema-graph\">{\"@context\":\"https:\/\/schema.org\",\"@graph\":[{\"@type\":\"WebPage\",\"@id\":\"https:\/\/www.corinnesaiani.fr\/index.php\/contact-2\/\",\"url\":\"https:\/\/www.corinnesaiani.fr\/index.php\/contact-2\/\",\"name\":\"Accompagnement adultes et adolescents - Bailleul, Lille et environs\",\"isPartOf\":{\"@id\":\"https:\/\/www.corinnesaiani.fr\/#website\"},\"datePublished\":\"2019-04-01T07:46:04+00:00\",\"dateModified\":\"2024-09-30T10:31:52+00:00\",\"description\":\"Coach certifi\u00e9e adultes et adolescents, mon accompagnement vous permettra de retrouver confiance, \u00e9panouissement et s\u00e9renit\u00e9.\",\"breadcrumb\":{\"@id\":\"https:\/\/www.corinnesaiani.fr\/index.php\/contact-2\/#breadcrumb\"},\"inLanguage\":\"fr-FR\",\"potentialAction\":[{\"@type\":\"ReadAction\",\"target\":[\"https:\/\/www.corinnesaiani.fr\/index.php\/contact-2\/\"]}]},{\"@type\":\"BreadcrumbList\",\"@id\":\"https:\/\/www.corinnesaiani.fr\/index.php\/contact-2\/#breadcrumb\",\"itemListElement\":[{\"@type\":\"ListItem\",\"position\":1,\"name\":\"Home\",\"item\":\"https:\/\/www.corinnesaiani.fr\/\"},{\"@type\":\"ListItem\",\"position\":2,\"name\":\"Contact\"}]},{\"@type\":\"WebSite\",\"@id\":\"https:\/\/www.corinnesaiani.fr\/#website\",\"url\":\"https:\/\/www.corinnesaiani.fr\/\",\"name\":\"Corinnesaianicoaching\",\"description\":\"\",\"potentialAction\":[{\"@type\":\"SearchAction\",\"target\":{\"@type\":\"EntryPoint\",\"urlTemplate\":\"https:\/\/www.corinnesaiani.fr\/?s={search_term_string}\"},\"query-input\":\"required name=search_term_string\"}],\"inLanguage\":\"fr-FR\"}]}<\/script>\n<!-- \/ Yoast SEO plugin. -->","yoast_head_json":{"title":"Accompagnement adultes et adolescents - Bailleul, Lille et environs","description":"Coach certifi\u00e9e adultes et adolescents, mon accompagnement vous permettra de retrouver confiance, \u00e9panouissement et s\u00e9renit\u00e9.","robots":{"index":"index","follow":"follow","max-snippet":"max-snippet:-1","max-image-preview":"max-image-preview:large","max-video-preview":"max-video-preview:-1"},"canonical":"https:\/\/www.corinnesaiani.fr\/index.php\/contact-2\/","og_locale":"fr_FR","og_type":"article","og_title":"Accompagnement adultes et adolescents - Bailleul, Lille et environs","og_description":"Coach certifi\u00e9e adultes et adolescents, mon accompagnement vous permettra de retrouver confiance, \u00e9panouissement et s\u00e9renit\u00e9.","og_url":"https:\/\/www.corinnesaiani.fr\/index.php\/contact-2\/","og_site_name":"Corinnesaianicoaching","article_modified_time":"2024-09-30T10:31:52+00:00","twitter_card":"summary_large_image","twitter_misc":{"Dur\u00e9e de lecture estim\u00e9e":"2 minutes"},"schema":{"@context":"https:\/\/schema.org","@graph":[{"@type":"WebPage","@id":"https:\/\/www.corinnesaiani.fr\/index.php\/contact-2\/","url":"https:\/\/www.corinnesaiani.fr\/index.php\/contact-2\/","name":"Accompagnement adultes et adolescents - Bailleul, Lille et environs","isPartOf":{"@id":"https:\/\/www.corinnesaiani.fr\/#website"},"datePublished":"2019-04-01T07:46:04+00:00","dateModified":"2024-09-30T10:31:52+00:00","description":"Coach certifi\u00e9e adultes et adolescents, mon accompagnement vous permettra de retrouver confiance, \u00e9panouissement et s\u00e9renit\u00e9.","breadcrumb":{"@id":"https:\/\/www.corinnesaiani.fr\/index.php\/contact-2\/#breadcrumb"},"inLanguage":"fr-FR","potentialAction":[{"@type":"ReadAction","target":["https:\/\/www.corinnesaiani.fr\/index.php\/contact-2\/"]}]},{"@type":"BreadcrumbList","@id":"https:\/\/www.corinnesaiani.fr\/index.php\/contact-2\/#breadcrumb","itemListElement":[{"@type":"ListItem","position":1,"name":"Home","item":"https:\/\/www.corinnesaiani.fr\/"},{"@type":"ListItem","position":2,"name":"Contact"}]},{"@type":"WebSite","@id":"https:\/\/www.corinnesaiani.fr\/#website","url":"https:\/\/www.corinnesaiani.fr\/","name":"Corinnesaianicoaching","description":"","potentialAction":[{"@type":"SearchAction","target":{"@type":"EntryPoint","urlTemplate":"https:\/\/www.corinnesaiani.fr\/?s={search_term_string}"},"query-input":"required name=search_term_string"}],"inLanguage":"fr-FR"}]}},"_links":{"self":[{"href":"https:\/\/www.corinnesaiani.fr\/index.php\/wp-json\/wp\/v2\/pages\/166"}],"collection":[{"href":"https:\/\/www.corinnesaiani.fr\/index.php\/wp-json\/wp\/v2\/pages"}],"about":[{"href":"https:\/\/www.corinnesaiani.fr\/index.php\/wp-json\/wp\/v2\/types\/page"}],"author":[{"embeddable":true,"href":"https:\/\/www.corinnesaiani.fr\/index.php\/wp-json\/wp\/v2\/users\/2"}],"replies":[{"embeddable":true,"href":"https:\/\/www.corinnesaiani.fr\/index.php\/wp-json\/wp\/v2\/comments?post=166"}],"version-history":[{"count":77,"href":"https:\/\/www.corinnesaiani.fr\/index.php\/wp-json\/wp\/v2\/pages\/166\/revisions"}],"predecessor-version":[{"id":2071,"href":"https:\/\/www.corinnesaiani.fr\/index.php\/wp-json\/wp\/v2\/pages\/166\/revisions\/2071"}],"wp:attachment":[{"href":"https:\/\/www.corinnesaiani.fr\/index.php\/wp-json\/wp\/v2\/media?parent=166"}],"curies":[{"name":"wp","href":"https:\/\/api.w.org\/{rel}","templated":true}]}}